{"id":373,"date":"2025-06-16T14:54:51","date_gmt":"2025-06-16T12:54:51","guid":{"rendered":"https:\/\/kolopustyni.pl\/?page_id=373"},"modified":"2025-06-26T14:32:26","modified_gmt":"2025-06-26T12:32:26","slug":"hulajnoga-na-sam-szczyt","status":"publish","type":"page","link":"https:\/\/kolopustyni.pl\/de\/trasy-hulajnogi\/hulajnoga-na-sam-szczyt\/","title":{"rendered":"Hulajnog\u0105 na sam szczyt"},"content":{"rendered":"<div data-elementor-type=\"wp-page\" data-elementor-id=\"373\" class=\"elementor elementor-373\" data-elementor-post-type=\"page\">\n\t\t\t\t\t\t<section class=\"elementor-section elementor-top-section elementor-element elementor-element-549f76d2 elementor-section-boxed elementor-section-height-default elementor-section-height-default\" data-id=\"549f76d2\" data-element_type=\"section\" data-settings=\"{&quot;background_background&quot;:&quot;classic&quot;}\">\n\t\t\t\t\t\t\t<div class=\"elementor-background-overlay\"><\/div>\n\t\t\t\t\t\t\t<div class=\"elementor-container elementor-column-gap-default\">\n\t\t\t\t\t<div class=\"elementor-column elementor-col-100 elementor-top-column elementor-element elementor-element-1474766\" data-id=\"1474766\" data-element_type=\"column\">\n\t\t\t<div class=\"elementor-widget-wrap elementor-element-populated\">\n\t\t\t\t\t\t<div class=\"elementor-element elementor-element-3ac062ee elementor-invisible elementor-widget elementor-widget-heading\" data-id=\"3ac062ee\" data-element_type=\"widget\" data-settings=\"{&quot;_animation&quot;:&quot;fadeInDown&quot;,&quot;_animation_delay&quot;:&quot;100&quot;}\" data-widget_type=\"heading.default\">\n\t\t\t\t<div class=\"elementor-widget-container\">\n\t\t\t\t\t<h1 class=\"elementor-heading-title elementor-size-default\">Trasy hulajnogi<\/h1>\t\t\t\t<\/div>\n\t\t\t\t<\/div>\n\t\t\t\t<div class=\"elementor-element elementor-element-52e387a elementor-align-center elementor-invisible elementor-widget elementor-widget-post-info\" data-id=\"52e387a\" data-element_type=\"widget\" data-settings=\"{&quot;_animation&quot;:&quot;fadeInDown&quot;,&quot;_animation_delay&quot;:100}\" data-widget_type=\"post-info.default\">\n\t\t\t\t<div class=\"elementor-widget-container\">\n\t\t\t\t\t\t\t<ul class=\"elementor-inline-items elementor-icon-list-items elementor-post-info\">\n\t\t\t\t\t\t\t\t<li class=\"elementor-icon-list-item elementor-repeater-item-3a5def6 elementor-inline-item\">\n\t\t\t\t\t\t<a href=\"https:\/\/kolopustyni.pl\/de\/trasy-hulajnogi\/\">\n\t\t\t\t\t\t\t\t\t\t\t\t\t\t<span class=\"elementor-icon-list-text elementor-post-info__item elementor-post-info__item--type-custom\">\n\t\t\t\t\t\t\t\t\t\tZobacz wszystkie\t\t\t\t\t<\/span>\n\t\t\t\t\t\t\t\t\t<\/a>\n\t\t\t\t<\/li>\n\t\t\t\t<\/ul>\n\t\t\t\t\t\t<\/div>\n\t\t\t\t<\/div>\n\t\t\t\t\t<\/div>\n\t\t<\/div>\n\t\t\t\t\t<\/div>\n\t\t<\/section>\n\t\t\t\t<section class=\"elementor-section elementor-top-section elementor-element elementor-element-d192ffe elementor-section-boxed elementor-section-height-default elementor-section-height-default\" data-id=\"d192ffe\" data-element_type=\"section\" data-settings=\"{&quot;background_background&quot;:&quot;classic&quot;}\">\n\t\t\t\t\t\t<div class=\"elementor-container elementor-column-gap-default\">\n\t\t\t\t\t<div class=\"elementor-column elementor-col-100 elementor-top-column elementor-element elementor-element-a82314b\" data-id=\"a82314b\" data-element_type=\"column\">\n\t\t\t<div class=\"elementor-widget-wrap elementor-element-populated\">\n\t\t\t\t\t\t<div class=\"elementor-element elementor-element-c2ad29a elementor-widget elementor-widget-heading\" data-id=\"c2ad29a\" data-element_type=\"widget\" data-widget_type=\"heading.default\">\n\t\t\t\t<div class=\"elementor-widget-container\">\n\t\t\t\t\t<h6 class=\"elementor-heading-title elementor-size-default\">Szczeg\u00f3\u0142y trasy<\/h6>\t\t\t\t<\/div>\n\t\t\t\t<\/div>\n\t\t\t\t<div class=\"elementor-element elementor-element-b5d3974 elementor-widget elementor-widget-heading\" data-id=\"b5d3974\" data-element_type=\"widget\" data-widget_type=\"heading.default\">\n\t\t\t\t<div class=\"elementor-widget-container\">\n\t\t\t\t\t<h2 class=\"elementor-heading-title elementor-size-default\">Hulajnog\u0105 na sam szczyt<\/h2>\t\t\t\t<\/div>\n\t\t\t\t<\/div>\n\t\t\t\t<div class=\"elementor-element elementor-element-2066cff elementor-widget elementor-widget-text-editor\" data-id=\"2066cff\" data-element_type=\"widget\" data-widget_type=\"text-editor.default\">\n\t\t\t\t<div class=\"elementor-widget-container\">\n\t\t\t\t\t\t\t\t\t<p>Pustynia, jeziorka, punkt widokowy, z kt\u00f3rego wida\u0107 ca\u0142\u0105 Pustyni\u0119 B\u0142\u0119dowsk\u0105. W\u0142a\u015bnie to zobaczycie na tej szybkiej trasie, kt\u00f3r\u0105 jeste\u015bcie w stanie zrobi\u0107 w nawet 30minut!<\/p>\t\t\t\t\t\t\t\t<\/div>\n\t\t\t\t<\/div>\n\t\t<div class=\"elementor-element elementor-element-977d6b6 e-flex e-con-boxed e-con e-parent\" data-id=\"977d6b6\" data-element_type=\"container\">\n\t\t\t\t\t<div class=\"e-con-inner\">\n\t\t\t\t<div class=\"elementor-element elementor-element-9063996 elementor-invisible elementor-widget elementor-widget-counter\" data-id=\"9063996\" data-element_type=\"widget\" data-settings=\"{&quot;_animation&quot;:&quot;fadeInDown&quot;}\" data-widget_type=\"counter.default\">\n\t\t\t\t<div class=\"elementor-widget-container\">\n\t\t\t\t\t\t\t<div class=\"elementor-counter\">\n\t\t\t<div class=\"elementor-counter-title\">Trudno\u015b\u0107<\/div>\t\t\t<div class=\"elementor-counter-number-wrapper\">\n\t\t\t\t<span class=\"elementor-counter-number-prefix\"><\/span>\n\t\t\t\t<span class=\"elementor-counter-number\" data-duration=\"500\" data-to-value=\"2\" data-from-value=\"0\" data-delimiter=\".\">0<\/span>\n\t\t\t\t<span class=\"elementor-counter-number-suffix\">\/5<\/span>\n\t\t\t<\/div>\n\t\t<\/div>\n\t\t\t\t\t\t<\/div>\n\t\t\t\t<\/div>\n\t\t\t\t<div class=\"elementor-element elementor-element-0df775b elementor-invisible elementor-widget elementor-widget-counter\" data-id=\"0df775b\" data-element_type=\"widget\" data-settings=\"{&quot;_animation&quot;:&quot;fadeInDown&quot;}\" data-widget_type=\"counter.default\">\n\t\t\t\t<div class=\"elementor-widget-container\">\n\t\t\t\t\t\t\t<div class=\"elementor-counter\">\n\t\t\t<div class=\"elementor-counter-title\">D\u0142ugo\u015b\u0107<\/div>\t\t\t<div class=\"elementor-counter-number-wrapper\">\n\t\t\t\t<span class=\"elementor-counter-number-prefix\"><\/span>\n\t\t\t\t<span class=\"elementor-counter-number\" data-duration=\"1000\" data-to-value=\"6\" data-from-value=\"0\" data-delimiter=\".\">0<\/span>\n\t\t\t\t<span class=\"elementor-counter-number-suffix\"> km<\/span>\n\t\t\t<\/div>\n\t\t<\/div>\n\t\t\t\t\t\t<\/div>\n\t\t\t\t<\/div>\n\t\t\t\t<div class=\"elementor-element elementor-element-0276d8b elementor-invisible elementor-widget elementor-widget-counter\" data-id=\"0276d8b\" data-element_type=\"widget\" data-settings=\"{&quot;_animation&quot;:&quot;fadeInDown&quot;}\" data-widget_type=\"counter.default\">\n\t\t\t\t<div class=\"elementor-widget-container\">\n\t\t\t\t\t\t\t<div class=\"elementor-counter\">\n\t\t\t<div class=\"elementor-counter-title\">Czas<\/div>\t\t\t<div class=\"elementor-counter-number-wrapper\">\n\t\t\t\t<span class=\"elementor-counter-number-prefix\"><\/span>\n\t\t\t\t<span class=\"elementor-counter-number\" data-duration=\"2000\" data-to-value=\"45\" data-from-value=\"0\" data-delimiter=\",\">0<\/span>\n\t\t\t\t<span class=\"elementor-counter-number-suffix\"> min<\/span>\n\t\t\t<\/div>\n\t\t<\/div>\n\t\t\t\t\t\t<\/div>\n\t\t\t\t<\/div>\n\t\t\t\t\t<\/div>\n\t\t\t\t<\/div>\n\t\t\t\t\t<\/div>\n\t\t<\/div>\n\t\t\t\t\t<\/div>\n\t\t<\/section>\n\t\t\t\t<section class=\"elementor-section elementor-top-section elementor-element elementor-element-b7dc760 elementor-section-boxed elementor-section-height-default elementor-section-height-default\" data-id=\"b7dc760\" data-element_type=\"section\">\n\t\t\t\t\t\t<div class=\"elementor-container elementor-column-gap-default\">\n\t\t\t\t\t<div class=\"elementor-column elementor-col-50 elementor-top-column elementor-element elementor-element-0fff9e1\" data-id=\"0fff9e1\" data-element_type=\"column\">\n\t\t\t<div class=\"elementor-widget-wrap elementor-element-populated\">\n\t\t\t\t\t\t<div class=\"elementor-element elementor-element-730b8e6 elementor-widget elementor-widget-image\" data-id=\"730b8e6\" data-element_type=\"widget\" data-widget_type=\"image.default\">\n\t\t\t\t<div class=\"elementor-widget-container\">\n\t\t\t\t\t\t\t\t\t\t\t\t\t\t\t<img fetchpriority=\"high\" decoding=\"async\" width=\"1024\" height=\"683\" src=\"https:\/\/kolopustyni.pl\/wp-content\/uploads\/2025\/06\/fatbike-na-pustyni.jpg\" class=\"attachment-full size-full wp-image-115\" alt=\"Ko\u0142o Pustyni\" srcset=\"https:\/\/kolopustyni.pl\/wp-content\/uploads\/2025\/06\/fatbike-na-pustyni.jpg 1024w, https:\/\/kolopustyni.pl\/wp-content\/uploads\/2025\/06\/fatbike-na-pustyni-600x400.jpg 600w, https:\/\/kolopustyni.pl\/wp-content\/uploads\/2025\/06\/fatbike-na-pustyni-300x200.jpg 300w, https:\/\/kolopustyni.pl\/wp-content\/uploads\/2025\/06\/fatbike-na-pustyni-768x512.jpg 768w\" sizes=\"(max-width: 1024px) 100vw, 1024px\" \/>\t\t\t\t\t\t\t\t\t\t\t\t\t\t\t<\/div>\n\t\t\t\t<\/div>\n\t\t\t\t<div class=\"elementor-element elementor-element-70683e9 elementor-widget__width-initial elementor-absolute elementor-hidden-tablet elementor-hidden-mobile elementor-invisible elementor-widget elementor-widget-image\" data-id=\"70683e9\" data-element_type=\"widget\" data-settings=\"{&quot;_animation&quot;:&quot;rotateIn&quot;,&quot;_position&quot;:&quot;absolute&quot;}\" data-widget_type=\"image.default\">\n\t\t\t\t<div class=\"elementor-widget-container\">\n\t\t\t\t\t\t\t\t\t\t\t\t\t\t\t<img decoding=\"async\" width=\"231\" height=\"231\" src=\"https:\/\/kolopustyni.pl\/wp-content\/uploads\/2025\/06\/circle-line-01.png\" class=\"attachment-large size-large wp-image-20\" alt=\"Ko\u0142o Pustyni\" srcset=\"https:\/\/kolopustyni.pl\/wp-content\/uploads\/2025\/06\/circle-line-01.png 231w, https:\/\/kolopustyni.pl\/wp-content\/uploads\/2025\/06\/circle-line-01-100x100.png 100w, https:\/\/kolopustyni.pl\/wp-content\/uploads\/2025\/06\/circle-line-01-150x150.png 150w\" sizes=\"(max-width: 231px) 100vw, 231px\" \/>\t\t\t\t\t\t\t\t\t\t\t\t\t\t\t<\/div>\n\t\t\t\t<\/div>\n\t\t\t\t\t<\/div>\n\t\t<\/div>\n\t\t\t\t<div class=\"elementor-column elementor-col-50 elementor-top-column elementor-element elementor-element-a4bb4ff\" data-id=\"a4bb4ff\" data-element_type=\"column\">\n\t\t\t<div class=\"elementor-widget-wrap elementor-element-populated\">\n\t\t\t\t\t\t<div class=\"elementor-element elementor-element-8220646 elementor-widget elementor-widget-heading\" data-id=\"8220646\" data-element_type=\"widget\" data-widget_type=\"heading.default\">\n\t\t\t\t<div class=\"elementor-widget-container\">\n\t\t\t\t\t<h6 class=\"elementor-heading-title elementor-size-default\">Ko\u0142o Pustyni<\/h6>\t\t\t\t<\/div>\n\t\t\t\t<\/div>\n\t\t\t\t<div class=\"elementor-element elementor-element-e16ea25 elementor-widget elementor-widget-heading\" data-id=\"e16ea25\" data-element_type=\"widget\" data-widget_type=\"heading.default\">\n\t\t\t\t<div class=\"elementor-widget-container\">\n\t\t\t\t\t<h3 class=\"elementor-heading-title elementor-size-default\">Na tej trasie czeka Ci\u0119:<\/h3>\t\t\t\t<\/div>\n\t\t\t\t<\/div>\n\t\t\t\t<div class=\"elementor-element elementor-element-67946e9 elementor-tablet-align-left elementor-mobile-align-left elementor-icon-list--layout-traditional elementor-list-item-link-full_width elementor-invisible elementor-widget elementor-widget-icon-list\" data-id=\"67946e9\" data-element_type=\"widget\" data-settings=\"{&quot;_animation&quot;:&quot;fadeInLeft&quot;}\" data-widget_type=\"icon-list.default\">\n\t\t\t\t<div class=\"elementor-widget-container\">\n\t\t\t\t\t\t\t<ul class=\"elementor-icon-list-items\">\n\t\t\t\t\t\t\t<li class=\"elementor-icon-list-item\">\n\t\t\t\t\t\t\t\t\t\t\t<span class=\"elementor-icon-list-icon\">\n\t\t\t\t\t\t\t<svg aria-hidden=\"true\" class=\"e-font-icon-svg e-fas-check\" viewbox=\"0 0 512 512\" xmlns=\"http:\/\/www.w3.org\/2000\/svg\"><path d=\"M173.898 439.404l-166.4-166.4c-9.997-9.997-9.997-26.206 0-36.204l36.203-36.204c9.997-9.998 26.207-9.998 36.204 0L192 312.69 432.095 72.596c9.997-9.997 26.207-9.997 36.204 0l36.203 36.204c9.997 9.997 9.997 26.206 0 36.204l-294.4 294.401c-9.998 9.997-26.207 9.997-36.204-.001z\"><\/path><\/svg>\t\t\t\t\t\t<\/span>\n\t\t\t\t\t\t\t\t\t\t<span class=\"elementor-icon-list-text\">Punkt widokowy Czubatka<\/span>\n\t\t\t\t\t\t\t\t\t<\/li>\n\t\t\t\t\t\t\t\t<li class=\"elementor-icon-list-item\">\n\t\t\t\t\t\t\t\t\t\t\t<span class=\"elementor-icon-list-icon\">\n\t\t\t\t\t\t\t<svg aria-hidden=\"true\" class=\"e-font-icon-svg e-fas-check\" viewbox=\"0 0 512 512\" xmlns=\"http:\/\/www.w3.org\/2000\/svg\"><path d=\"M173.898 439.404l-166.4-166.4c-9.997-9.997-9.997-26.206 0-36.204l36.203-36.204c9.997-9.998 26.207-9.998 36.204 0L192 312.69 432.095 72.596c9.997-9.997 26.207-9.997 36.204 0l36.203 36.204c9.997 9.997 9.997 26.206 0 36.204l-294.4 294.401c-9.998 9.997-26.207 9.997-36.204-.001z\"><\/path><\/svg>\t\t\t\t\t\t<\/span>\n\t\t\t\t\t\t\t\t\t\t<span class=\"elementor-icon-list-text\">Odcinek przez Pustyni\u0119 B\u0142\u0119dowsk\u0105<\/span>\n\t\t\t\t\t\t\t\t\t<\/li>\n\t\t\t\t\t\t\t\t<li class=\"elementor-icon-list-item\">\n\t\t\t\t\t\t\t\t\t\t\t<span class=\"elementor-icon-list-icon\">\n\t\t\t\t\t\t\t<svg aria-hidden=\"true\" class=\"e-font-icon-svg e-fas-check\" viewbox=\"0 0 512 512\" xmlns=\"http:\/\/www.w3.org\/2000\/svg\"><path d=\"M173.898 439.404l-166.4-166.4c-9.997-9.997-9.997-26.206 0-36.204l36.203-36.204c9.997-9.998 26.207-9.998 36.204 0L192 312.69 432.095 72.596c9.997-9.997 26.207-9.997 36.204 0l36.203 36.204c9.997 9.997 9.997 26.206 0 36.204l-294.4 294.401c-9.998 9.997-26.207 9.997-36.204-.001z\"><\/path><\/svg>\t\t\t\t\t\t<\/span>\n\t\t\t\t\t\t\t\t\t\t<span class=\"elementor-icon-list-text\">Staw Zielony (opcjonalnie r\u00f3wnie\u017c Czerwony)<\/span>\n\t\t\t\t\t\t\t\t\t<\/li>\n\t\t\t\t\t\t<\/ul>\n\t\t\t\t\t\t<\/div>\n\t\t\t\t<\/div>\n\t\t\t\t<div class=\"elementor-element elementor-element-7ade325 elementor-tablet-align-left elementor-mobile-align-justify elementor-widget elementor-widget-button\" data-id=\"7ade325\" data-element_type=\"widget\" data-widget_type=\"button.default\">\n\t\t\t\t<div class=\"elementor-widget-container\">\n\t\t\t\t\t\t\t\t\t<div class=\"elementor-button-wrapper\">\n\t\t\t\t\t<a class=\"elementor-button elementor-button-link elementor-size-sm\" href=\"https:\/\/mapy.com\/s\/rocozacapo\" target=\"_blank\">\n\t\t\t\t\t\t<span class=\"elementor-button-content-wrapper\">\n\t\t\t\t\t\t<span class=\"elementor-button-icon\">\n\t\t\t\t<svg aria-hidden=\"true\" class=\"e-font-icon-svg e-fas-external-link-alt\" viewbox=\"0 0 512 512\" xmlns=\"http:\/\/www.w3.org\/2000\/svg\"><path d=\"M432,320H400a16,16,0,0,0-16,16V448H64V128H208a16,16,0,0,0,16-16V80a16,16,0,0,0-16-16H48A48,48,0,0,0,0,112V464a48,48,0,0,0,48,48H400a48,48,0,0,0,48-48V336A16,16,0,0,0,432,320ZM488,0h-128c-21.37,0-32.05,25.91-17,41l35.73,35.73L135,320.37a24,24,0,0,0,0,34L157.67,377a24,24,0,0,0,34,0L435.28,133.32,471,169c15,15,41,4.5,41-17V24A24,24,0,0,0,488,0Z\"><\/path><\/svg>\t\t\t<\/span>\n\t\t\t\t\t\t\t\t\t<span class=\"elementor-button-text\">Link do mapy<\/span>\n\t\t\t\t\t<\/span>\n\t\t\t\t\t<\/a>\n\t\t\t\t<\/div>\n\t\t\t\t\t\t\t\t<\/div>\n\t\t\t\t<\/div>\n\t\t\t\t\t<\/div>\n\t\t<\/div>\n\t\t\t\t\t<\/div>\n\t\t<\/section>\n\t\t<div class=\"elementor-element elementor-element-58ffb49 e-con-full e-flex e-con e-parent\" data-id=\"58ffb49\" data-element_type=\"container\">\n\t\t\t\t<div class=\"elementor-element elementor-element-d8ebb82 elementor-widget elementor-widget-html\" data-id=\"d8ebb82\" data-element_type=\"widget\" data-widget_type=\"html.default\">\n\t\t\t\t<div class=\"elementor-widget-container\">\n\t\t\t\t\t<iframe style=\"border:none\" src=\"https:\/\/mapy.com\/s\/kacepozasa\" width=\"400\" height=\"350\" frameborder=\"0\"><\/iframe>\t\t\t\t<\/div>\n\t\t\t\t<\/div>\n\t\t\t\t<\/div>\n\t\t\t\t<\/div>","protected":false},"excerpt":{"rendered":"<p>Trasy hulajnogi Szczeg\u00f3\u0142y trasy Hulajnog\u0105 na sam szczyt Pustynia, jeziorka, punkt widokowy, z kt\u00f3rego wida\u0107 ca\u0142\u0105 Pustyni\u0119 B\u0142\u0119dowsk\u0105. W\u0142a\u015bnie to zobaczycie na tej szybkiej trasie, kt\u00f3r\u0105 jeste\u015bcie w stanie zrobi\u0107 w nawet 30minut! Trudno\u015b\u0107 0 \/5 D\u0142ugo\u015b\u0107 0 km Czas 0 min Ko\u0142o Pustyni Na tej trasie czeka Ci\u0119: Punkt widokowy Czubatka Odcinek przez Pustyni\u0119 [&hellip;]<\/p>","protected":false},"author":1,"featured_media":0,"parent":366,"menu_order":0,"comment_status":"closed","ping_status":"closed","template":"elementor_header_footer","meta":{"footnotes":""},"class_list":["post-373","page","type-page","status-publish","hentry"],"yoast_head":"<!-- This site is optimized with the Yoast SEO plugin v25.3.1 - https:\/\/yoast.com\/wordpress\/plugins\/seo\/ -->\n<title>Hulajnog\u0105 na sam szczyt - Ko\u0142o Pustyni<\/title>\n<meta name=\"description\" content=\"Wypo\u017cyczalnia rower\u00f3w przy Pustyni B\u0142\u0119dowskiej.\" \/>\n<meta name=\"robots\" content=\"index, follow, max-snippet:-1, max-image-preview:large, max-video-preview:-1\" \/>\n<link rel=\"canonical\" href=\"https:\/\/kolopustyni.pl\/de\/trasy-hulajnogi\/hulajnoga-na-sam-szczyt\/\" \/>\n<meta property=\"og:locale\" content=\"de_DE\" \/>\n<meta property=\"og:type\" content=\"article\" \/>\n<meta property=\"og:title\" content=\"Hulajnog\u0105 na sam szczyt - Ko\u0142o Pustyni\" \/>\n<meta property=\"og:description\" content=\"Wypo\u017cyczalnia rower\u00f3w przy Pustyni B\u0142\u0119dowskiej.\" \/>\n<meta property=\"og:url\" content=\"https:\/\/kolopustyni.pl\/de\/trasy-hulajnogi\/hulajnoga-na-sam-szczyt\/\" \/>\n<meta property=\"og:site_name\" content=\"Ko\u0142o Pustyni\" \/>\n<meta property=\"article:publisher\" content=\"https:\/\/www.facebook.com\/KoloPustyni\/\" \/>\n<meta property=\"article:modified_time\" content=\"2025-06-26T12:32:26+00:00\" \/>\n<meta property=\"og:image\" content=\"https:\/\/kolopustyni.pl\/wp-content\/uploads\/2025\/06\/fatbike-na-pustyni.jpg\" \/>\n\t<meta property=\"og:image:width\" content=\"1024\" \/>\n\t<meta property=\"og:image:height\" content=\"683\" \/>\n\t<meta property=\"og:image:type\" content=\"image\/jpeg\" \/>\n<meta name=\"twitter:card\" content=\"summary_large_image\" \/>\n<script type=\"application\/ld+json\" class=\"yoast-schema-graph\">{\"@context\":\"https:\/\/schema.org\",\"@graph\":[{\"@type\":\"WebPage\",\"@id\":\"https:\/\/kolopustyni.pl\/trasy-hulajnogi\/hulajnoga-na-sam-szczyt\/\",\"url\":\"https:\/\/kolopustyni.pl\/trasy-hulajnogi\/hulajnoga-na-sam-szczyt\/\",\"name\":\"Hulajnog\u0105 na sam szczyt - Ko\u0142o Pustyni\",\"isPartOf\":{\"@id\":\"https:\/\/kolopustyni.pl\/#website\"},\"primaryImageOfPage\":{\"@id\":\"https:\/\/kolopustyni.pl\/trasy-hulajnogi\/hulajnoga-na-sam-szczyt\/#primaryimage\"},\"image\":{\"@id\":\"https:\/\/kolopustyni.pl\/trasy-hulajnogi\/hulajnoga-na-sam-szczyt\/#primaryimage\"},\"thumbnailUrl\":\"https:\/\/kolopustyni.pl\/wp-content\/uploads\/2025\/06\/fatbike-na-pustyni.jpg\",\"datePublished\":\"2025-06-16T12:54:51+00:00\",\"dateModified\":\"2025-06-26T12:32:26+00:00\",\"description\":\"Wypo\u017cyczalnia rower\u00f3w przy Pustyni B\u0142\u0119dowskiej.\",\"breadcrumb\":{\"@id\":\"https:\/\/kolopustyni.pl\/trasy-hulajnogi\/hulajnoga-na-sam-szczyt\/#breadcrumb\"},\"inLanguage\":\"de\",\"potentialAction\":[{\"@type\":\"ReadAction\",\"target\":[\"https:\/\/kolopustyni.pl\/trasy-hulajnogi\/hulajnoga-na-sam-szczyt\/\"]}]},{\"@type\":\"ImageObject\",\"inLanguage\":\"de\",\"@id\":\"https:\/\/kolopustyni.pl\/trasy-hulajnogi\/hulajnoga-na-sam-szczyt\/#primaryimage\",\"url\":\"https:\/\/kolopustyni.pl\/wp-content\/uploads\/2025\/06\/fatbike-na-pustyni.jpg\",\"contentUrl\":\"https:\/\/kolopustyni.pl\/wp-content\/uploads\/2025\/06\/fatbike-na-pustyni.jpg\"},{\"@type\":\"BreadcrumbList\",\"@id\":\"https:\/\/kolopustyni.pl\/trasy-hulajnogi\/hulajnoga-na-sam-szczyt\/#breadcrumb\",\"itemListElement\":[{\"@type\":\"ListItem\",\"position\":1,\"name\":\"Strona g\u0142\u00f3wna\",\"item\":\"https:\/\/kolopustyni.pl\/\"},{\"@type\":\"ListItem\",\"position\":2,\"name\":\"Trasy hulajnogi\",\"item\":\"https:\/\/kolopustyni.pl\/trasy-hulajnogi\/\"},{\"@type\":\"ListItem\",\"position\":3,\"name\":\"Hulajnog\u0105 na sam szczyt\"}]},{\"@type\":\"WebSite\",\"@id\":\"https:\/\/kolopustyni.pl\/#website\",\"url\":\"https:\/\/kolopustyni.pl\/\",\"name\":\"Ko\u0142o Pustyni\",\"description\":\"\",\"publisher\":{\"@id\":\"https:\/\/kolopustyni.pl\/#organization\"},\"potentialAction\":[{\"@type\":\"SearchAction\",\"target\":{\"@type\":\"EntryPoint\",\"urlTemplate\":\"https:\/\/kolopustyni.pl\/?s={search_term_string}\"},\"query-input\":{\"@type\":\"PropertyValueSpecification\",\"valueRequired\":true,\"valueName\":\"search_term_string\"}}],\"inLanguage\":\"de\"},{\"@type\":\"Organization\",\"@id\":\"https:\/\/kolopustyni.pl\/#organization\",\"name\":\"Ko\u0142o Pustyni\",\"url\":\"https:\/\/kolopustyni.pl\/\",\"logo\":{\"@type\":\"ImageObject\",\"inLanguage\":\"de\",\"@id\":\"https:\/\/kolopustyni.pl\/#\/schema\/logo\/image\/\",\"url\":\"https:\/\/kolopustyni.pl\/wp-content\/uploads\/2025\/06\/kolo_pustyni_logo.png\",\"contentUrl\":\"https:\/\/kolopustyni.pl\/wp-content\/uploads\/2025\/06\/kolo_pustyni_logo.png\",\"width\":400,\"height\":400,\"caption\":\"Ko\u0142o Pustyni\"},\"image\":{\"@id\":\"https:\/\/kolopustyni.pl\/#\/schema\/logo\/image\/\"},\"sameAs\":[\"https:\/\/www.facebook.com\/KoloPustyni\/\",\"https:\/\/www.instagram.com\/kolo_pustyni\/\"]}]}<\/script>\n<!-- \/ Yoast SEO plugin. -->","yoast_head_json":{"title":"Hulajnog\u0105 na sam szczyt - Ko\u0142o Pustyni","description":"Wypo\u017cyczalnia rower\u00f3w przy Pustyni B\u0142\u0119dowskiej.","robots":{"index":"index","follow":"follow","max-snippet":"max-snippet:-1","max-image-preview":"max-image-preview:large","max-video-preview":"max-video-preview:-1"},"canonical":"https:\/\/kolopustyni.pl\/de\/trasy-hulajnogi\/hulajnoga-na-sam-szczyt\/","og_locale":"de_DE","og_type":"article","og_title":"Hulajnog\u0105 na sam szczyt - Ko\u0142o Pustyni","og_description":"Wypo\u017cyczalnia rower\u00f3w przy Pustyni B\u0142\u0119dowskiej.","og_url":"https:\/\/kolopustyni.pl\/de\/trasy-hulajnogi\/hulajnoga-na-sam-szczyt\/","og_site_name":"Ko\u0142o Pustyni","article_publisher":"https:\/\/www.facebook.com\/KoloPustyni\/","article_modified_time":"2025-06-26T12:32:26+00:00","og_image":[{"width":1024,"height":683,"url":"https:\/\/kolopustyni.pl\/wp-content\/uploads\/2025\/06\/fatbike-na-pustyni.jpg","type":"image\/jpeg"}],"twitter_card":"summary_large_image","schema":{"@context":"https:\/\/schema.org","@graph":[{"@type":"WebPage","@id":"https:\/\/kolopustyni.pl\/trasy-hulajnogi\/hulajnoga-na-sam-szczyt\/","url":"https:\/\/kolopustyni.pl\/trasy-hulajnogi\/hulajnoga-na-sam-szczyt\/","name":"Hulajnog\u0105 na sam szczyt - Ko\u0142o Pustyni","isPartOf":{"@id":"https:\/\/kolopustyni.pl\/#website"},"primaryImageOfPage":{"@id":"https:\/\/kolopustyni.pl\/trasy-hulajnogi\/hulajnoga-na-sam-szczyt\/#primaryimage"},"image":{"@id":"https:\/\/kolopustyni.pl\/trasy-hulajnogi\/hulajnoga-na-sam-szczyt\/#primaryimage"},"thumbnailUrl":"https:\/\/kolopustyni.pl\/wp-content\/uploads\/2025\/06\/fatbike-na-pustyni.jpg","datePublished":"2025-06-16T12:54:51+00:00","dateModified":"2025-06-26T12:32:26+00:00","description":"Wypo\u017cyczalnia rower\u00f3w przy Pustyni B\u0142\u0119dowskiej.","breadcrumb":{"@id":"https:\/\/kolopustyni.pl\/trasy-hulajnogi\/hulajnoga-na-sam-szczyt\/#breadcrumb"},"inLanguage":"de","potentialAction":[{"@type":"ReadAction","target":["https:\/\/kolopustyni.pl\/trasy-hulajnogi\/hulajnoga-na-sam-szczyt\/"]}]},{"@type":"ImageObject","inLanguage":"de","@id":"https:\/\/kolopustyni.pl\/trasy-hulajnogi\/hulajnoga-na-sam-szczyt\/#primaryimage","url":"https:\/\/kolopustyni.pl\/wp-content\/uploads\/2025\/06\/fatbike-na-pustyni.jpg","contentUrl":"https:\/\/kolopustyni.pl\/wp-content\/uploads\/2025\/06\/fatbike-na-pustyni.jpg"},{"@type":"BreadcrumbList","@id":"https:\/\/kolopustyni.pl\/trasy-hulajnogi\/hulajnoga-na-sam-szczyt\/#breadcrumb","itemListElement":[{"@type":"ListItem","position":1,"name":"Strona g\u0142\u00f3wna","item":"https:\/\/kolopustyni.pl\/"},{"@type":"ListItem","position":2,"name":"Trasy hulajnogi","item":"https:\/\/kolopustyni.pl\/trasy-hulajnogi\/"},{"@type":"ListItem","position":3,"name":"Hulajnog\u0105 na sam szczyt"}]},{"@type":"WebSite","@id":"https:\/\/kolopustyni.pl\/#website","url":"https:\/\/kolopustyni.pl\/","name":"Ko\u0142o Pustyni","description":"","publisher":{"@id":"https:\/\/kolopustyni.pl\/#organization"},"potentialAction":[{"@type":"SearchAction","target":{"@type":"EntryPoint","urlTemplate":"https:\/\/kolopustyni.pl\/?s={search_term_string}"},"query-input":{"@type":"PropertyValueSpecification","valueRequired":true,"valueName":"search_term_string"}}],"inLanguage":"de"},{"@type":"Organization","@id":"https:\/\/kolopustyni.pl\/#organization","name":"Ko\u0142o Pustyni","url":"https:\/\/kolopustyni.pl\/","logo":{"@type":"ImageObject","inLanguage":"de","@id":"https:\/\/kolopustyni.pl\/#\/schema\/logo\/image\/","url":"https:\/\/kolopustyni.pl\/wp-content\/uploads\/2025\/06\/kolo_pustyni_logo.png","contentUrl":"https:\/\/kolopustyni.pl\/wp-content\/uploads\/2025\/06\/kolo_pustyni_logo.png","width":400,"height":400,"caption":"Ko\u0142o Pustyni"},"image":{"@id":"https:\/\/kolopustyni.pl\/#\/schema\/logo\/image\/"},"sameAs":["https:\/\/www.facebook.com\/KoloPustyni\/","https:\/\/www.instagram.com\/kolo_pustyni\/"]}]}},"_links":{"self":[{"href":"https:\/\/kolopustyni.pl\/de\/wp-json\/wp\/v2\/pages\/373","targetHints":{"allow":["GET"]}}],"collection":[{"href":"https:\/\/kolopustyni.pl\/de\/wp-json\/wp\/v2\/pages"}],"about":[{"href":"https:\/\/kolopustyni.pl\/de\/wp-json\/wp\/v2\/types\/page"}],"author":[{"embeddable":true,"href":"https:\/\/kolopustyni.pl\/de\/wp-json\/wp\/v2\/users\/1"}],"replies":[{"embeddable":true,"href":"https:\/\/kolopustyni.pl\/de\/wp-json\/wp\/v2\/comments?post=373"}],"version-history":[{"count":13,"href":"https:\/\/kolopustyni.pl\/de\/wp-json\/wp\/v2\/pages\/373\/revisions"}],"predecessor-version":[{"id":772,"href":"https:\/\/kolopustyni.pl\/de\/wp-json\/wp\/v2\/pages\/373\/revisions\/772"}],"up":[{"embeddable":true,"href":"https:\/\/kolopustyni.pl\/de\/wp-json\/wp\/v2\/pages\/366"}],"wp:attachment":[{"href":"https:\/\/kolopustyni.pl\/de\/wp-json\/wp\/v2\/media?parent=373"}],"curies":[{"name":"wp","href":"https:\/\/api.w.org\/{rel}","templated":true}]}}