{"id":366,"date":"2025-06-16T14:45:13","date_gmt":"2025-06-16T12:45:13","guid":{"rendered":"https:\/\/kolopustyni.pl\/?page_id=366"},"modified":"2025-06-23T14:35:47","modified_gmt":"2025-06-23T12:35:47","slug":"trasy-hulajnogi","status":"publish","type":"page","link":"https:\/\/kolopustyni.pl\/en\/trasy-hulajnogi\/","title":{"rendered":"Trasy hulajnogi"},"content":{"rendered":"<div data-elementor-type=\"wp-page\" data-elementor-id=\"366\" class=\"elementor elementor-366\" data-elementor-post-type=\"page\">\n\t\t\t\t\t\t<section class=\"elementor-section elementor-top-section elementor-element elementor-element-549f76d2 elementor-section-boxed elementor-section-height-default elementor-section-height-default\" data-id=\"549f76d2\" data-element_type=\"section\" data-settings=\"{&quot;background_background&quot;:&quot;classic&quot;}\">\n\t\t\t\t\t\t\t<div class=\"elementor-background-overlay\"><\/div>\n\t\t\t\t\t\t\t<div class=\"elementor-container elementor-column-gap-default\">\n\t\t\t\t\t<div class=\"elementor-column elementor-col-100 elementor-top-column elementor-element elementor-element-1474766\" data-id=\"1474766\" data-element_type=\"column\">\n\t\t\t<div class=\"elementor-widget-wrap elementor-element-populated\">\n\t\t\t\t\t\t<div class=\"elementor-element elementor-element-3ac062ee elementor-invisible elementor-widget elementor-widget-heading\" data-id=\"3ac062ee\" data-element_type=\"widget\" data-settings=\"{&quot;_animation&quot;:&quot;fadeInDown&quot;,&quot;_animation_delay&quot;:&quot;100&quot;}\" data-widget_type=\"heading.default\">\n\t\t\t\t<div class=\"elementor-widget-container\">\n\t\t\t\t\t<h1 class=\"elementor-heading-title elementor-size-default\">Trasy hulajnogi<\/h1>\t\t\t\t<\/div>\n\t\t\t\t<\/div>\n\t\t\t\t\t<\/div>\n\t\t<\/div>\n\t\t\t\t\t<\/div>\n\t\t<\/section>\n\t\t\t\t<section class=\"elementor-section elementor-top-section elementor-element elementor-element-df7e02b elementor-section-boxed elementor-section-height-default elementor-section-height-default\" data-id=\"df7e02b\" data-element_type=\"section\" data-settings=\"{&quot;background_background&quot;:&quot;classic&quot;}\">\n\t\t\t\t\t\t<div class=\"elementor-container elementor-column-gap-default\">\n\t\t\t\t\t<div class=\"elementor-column elementor-col-100 elementor-top-column elementor-element elementor-element-f630e91\" data-id=\"f630e91\" data-element_type=\"column\">\n\t\t\t<div class=\"elementor-widget-wrap elementor-element-populated\">\n\t\t\t\t\t\t<div class=\"elementor-element elementor-element-76b9ac4 elementor-widget elementor-widget-heading\" data-id=\"76b9ac4\" data-element_type=\"widget\" data-widget_type=\"heading.default\">\n\t\t\t\t<div class=\"elementor-widget-container\">\n\t\t\t\t\t<h6 class=\"elementor-heading-title elementor-size-default\">Hulajnogi<\/h6>\t\t\t\t<\/div>\n\t\t\t\t<\/div>\n\t\t\t\t<div class=\"elementor-element elementor-element-0483b55 elementor-widget elementor-widget-heading\" data-id=\"0483b55\" data-element_type=\"widget\" data-widget_type=\"heading.default\">\n\t\t\t\t<div class=\"elementor-widget-container\">\n\t\t\t\t\t<h2 class=\"elementor-heading-title elementor-size-default\">Polecane trasy<\/h2>\t\t\t\t<\/div>\n\t\t\t\t<\/div>\n\t\t\t\t<div class=\"elementor-element elementor-element-a79da01 elementor-widget elementor-widget-text-editor\" data-id=\"a79da01\" data-element_type=\"widget\" data-widget_type=\"text-editor.default\">\n\t\t\t\t<div class=\"elementor-widget-container\">\n\t\t\t\t\t\t\t\t\t<p>Nasza okolica to raj dla mi\u0142o\u015bnik\u00f3w przyrody i przygody.<\/p>\t\t\t\t\t\t\t\t<\/div>\n\t\t\t\t<\/div>\n\t\t\t\t<section class=\"elementor-section elementor-inner-section elementor-element elementor-element-26dc962 elementor-section-boxed elementor-section-height-default elementor-section-height-default\" data-id=\"26dc962\" data-element_type=\"section\">\n\t\t\t\t\t\t<div class=\"elementor-container elementor-column-gap-default\">\n\t\t\t\t\t<div class=\"elementor-column elementor-col-50 elementor-inner-column elementor-element elementor-element-e2988df\" data-id=\"e2988df\" data-element_type=\"column\" data-settings=\"{&quot;background_background&quot;:&quot;classic&quot;}\">\n\t\t\t<div class=\"elementor-widget-wrap elementor-element-populated\">\n\t\t\t\t\t<div class=\"elementor-background-overlay\"><\/div>\n\t\t\t\t\t\t<div class=\"elementor-element elementor-element-e56aa0c elementor-widget elementor-widget-image\" data-id=\"e56aa0c\" data-element_type=\"widget\" data-widget_type=\"image.default\">\n\t\t\t\t<div class=\"elementor-widget-container\">\n\t\t\t\t\t\t\t\t\t\t\t\t\t\t\t<img fetchpriority=\"high\" decoding=\"async\" width=\"700\" height=\"447\" src=\"https:\/\/kolopustyni.pl\/wp-content\/uploads\/2025\/06\/Mapka.jpg\" class=\"attachment-full size-full wp-image-482\" alt=\"Ko\u0142o Pustyni\" srcset=\"https:\/\/kolopustyni.pl\/wp-content\/uploads\/2025\/06\/Mapka.jpg 700w, https:\/\/kolopustyni.pl\/wp-content\/uploads\/2025\/06\/Mapka-300x192.jpg 300w\" sizes=\"(max-width: 700px) 100vw, 700px\" \/>\t\t\t\t\t\t\t\t\t\t\t\t\t\t\t<\/div>\n\t\t\t\t<\/div>\n\t\t\t\t<div class=\"elementor-element elementor-element-03ac59f elementor-widget elementor-widget-spacer\" data-id=\"03ac59f\" data-element_type=\"widget\" data-widget_type=\"spacer.default\">\n\t\t\t\t<div class=\"elementor-widget-container\">\n\t\t\t\t\t\t\t<div class=\"elementor-spacer\">\n\t\t\t<div class=\"elementor-spacer-inner\"><\/div>\n\t\t<\/div>\n\t\t\t\t\t\t<\/div>\n\t\t\t\t<\/div>\n\t\t\t\t<div class=\"elementor-element elementor-element-c35b68a elementor-widget__width-initial elementor-widget-tablet__width-inherit elementor-widget-mobile__width-initial elementor-widget elementor-widget-heading\" data-id=\"c35b68a\" data-element_type=\"widget\" data-widget_type=\"heading.default\">\n\t\t\t\t<div class=\"elementor-widget-container\">\n\t\t\t\t\t<h5 class=\"elementor-heading-title elementor-size-default\">Hulajnog\u0105 w \u015awiat<\/h5>\t\t\t\t<\/div>\n\t\t\t\t<\/div>\n\t\t\t\t<div class=\"elementor-element elementor-element-229416d elementor-widget-divider--view-line elementor-widget elementor-widget-divider\" data-id=\"229416d\" data-element_type=\"widget\" data-widget_type=\"divider.default\">\n\t\t\t\t<div class=\"elementor-widget-container\">\n\t\t\t\t\t\t\t<div class=\"elementor-divider\">\n\t\t\t<span class=\"elementor-divider-separator\">\n\t\t\t\t\t\t<\/span>\n\t\t<\/div>\n\t\t\t\t\t\t<\/div>\n\t\t\t\t<\/div>\n\t\t\t\t<div class=\"elementor-element elementor-element-80ea180 elementor-widget__width-auto elementor-widget-tablet__width-inherit elementor-widget-mobile__width-auto elementor-widget elementor-widget-image-box\" data-id=\"80ea180\" data-element_type=\"widget\" data-widget_type=\"image-box.default\">\n\t\t\t\t<div class=\"elementor-widget-container\">\n\t\t\t\t\t<div class=\"elementor-image-box-wrapper\"><div class=\"elementor-image-box-content\"><div class=\"elementor-image-box-title\">Trudno\u015b\u0107<\/div><p class=\"elementor-image-box-description\">2\/5<\/p><\/div><\/div>\t\t\t\t<\/div>\n\t\t\t\t<\/div>\n\t\t\t\t<div class=\"elementor-element elementor-element-f48e323 elementor-widget__width-auto elementor-widget-tablet__width-inherit elementor-widget-mobile__width-auto elementor-widget elementor-widget-image-box\" data-id=\"f48e323\" data-element_type=\"widget\" data-widget_type=\"image-box.default\">\n\t\t\t\t<div class=\"elementor-widget-container\">\n\t\t\t\t\t<div class=\"elementor-image-box-wrapper\"><div class=\"elementor-image-box-content\"><div class=\"elementor-image-box-title\">D\u0142ugo\u015b\u0107<\/div><p class=\"elementor-image-box-description\">16 km<\/p><\/div><\/div>\t\t\t\t<\/div>\n\t\t\t\t<\/div>\n\t\t\t\t<div class=\"elementor-element elementor-element-77b62d4 elementor-widget__width-auto elementor-widget-tablet__width-inherit elementor-widget-mobile__width-auto elementor-widget elementor-widget-image-box\" data-id=\"77b62d4\" data-element_type=\"widget\" data-widget_type=\"image-box.default\">\n\t\t\t\t<div class=\"elementor-widget-container\">\n\t\t\t\t\t<div class=\"elementor-image-box-wrapper\"><div class=\"elementor-image-box-content\"><div class=\"elementor-image-box-title\">Czas<\/div><p class=\"elementor-image-box-description\">1,5h<\/p><\/div><\/div>\t\t\t\t<\/div>\n\t\t\t\t<\/div>\n\t\t\t\t<div class=\"elementor-element elementor-element-562a339 elementor-align-justify elementor-widget elementor-widget-button\" data-id=\"562a339\" data-element_type=\"widget\" data-widget_type=\"button.default\">\n\t\t\t\t<div class=\"elementor-widget-container\">\n\t\t\t\t\t\t\t\t\t<div class=\"elementor-button-wrapper\">\n\t\t\t\t\t<a class=\"elementor-button elementor-button-link elementor-size-sm\" href=\"https:\/\/kolopustyni.pl\/en\/trasy-hulajnogi\/hulajnoga-w-swiat\/\">\n\t\t\t\t\t\t<span class=\"elementor-button-content-wrapper\">\n\t\t\t\t\t\t\t\t\t<span class=\"elementor-button-text\">Sprawd\u017a<\/span>\n\t\t\t\t\t<\/span>\n\t\t\t\t\t<\/a>\n\t\t\t\t<\/div>\n\t\t\t\t\t\t\t\t<\/div>\n\t\t\t\t<\/div>\n\t\t\t\t\t<\/div>\n\t\t<\/div>\n\t\t\t\t<div class=\"elementor-column elementor-col-50 elementor-inner-column elementor-element elementor-element-f4bc8ec\" data-id=\"f4bc8ec\" data-element_type=\"column\" data-settings=\"{&quot;background_background&quot;:&quot;classic&quot;}\">\n\t\t\t<div class=\"elementor-widget-wrap elementor-element-populated\">\n\t\t\t\t\t<div class=\"elementor-background-overlay\"><\/div>\n\t\t\t\t\t\t<div class=\"elementor-element elementor-element-5668ca1 elementor-widget elementor-widget-image\" data-id=\"5668ca1\" data-element_type=\"widget\" data-widget_type=\"image.default\">\n\t\t\t\t<div class=\"elementor-widget-container\">\n\t\t\t\t\t\t\t\t\t\t\t\t\t\t\t<img fetchpriority=\"high\" decoding=\"async\" width=\"700\" height=\"447\" src=\"https:\/\/kolopustyni.pl\/wp-content\/uploads\/2025\/06\/Mapka.jpg\" class=\"attachment-full size-full wp-image-482\" alt=\"Ko\u0142o Pustyni\" srcset=\"https:\/\/kolopustyni.pl\/wp-content\/uploads\/2025\/06\/Mapka.jpg 700w, https:\/\/kolopustyni.pl\/wp-content\/uploads\/2025\/06\/Mapka-300x192.jpg 300w\" sizes=\"(max-width: 700px) 100vw, 700px\" \/>\t\t\t\t\t\t\t\t\t\t\t\t\t\t\t<\/div>\n\t\t\t\t<\/div>\n\t\t\t\t<div class=\"elementor-element elementor-element-cac009c elementor-widget elementor-widget-spacer\" data-id=\"cac009c\" data-element_type=\"widget\" data-widget_type=\"spacer.default\">\n\t\t\t\t<div class=\"elementor-widget-container\">\n\t\t\t\t\t\t\t<div class=\"elementor-spacer\">\n\t\t\t<div class=\"elementor-spacer-inner\"><\/div>\n\t\t<\/div>\n\t\t\t\t\t\t<\/div>\n\t\t\t\t<\/div>\n\t\t\t\t<div class=\"elementor-element elementor-element-70c8cf5 elementor-widget__width-initial elementor-widget-tablet__width-inherit elementor-widget-mobile__width-initial elementor-widget elementor-widget-heading\" data-id=\"70c8cf5\" data-element_type=\"widget\" data-widget_type=\"heading.default\">\n\t\t\t\t<div class=\"elementor-widget-container\">\n\t\t\t\t\t<h5 class=\"elementor-heading-title elementor-size-default\">Hulajnog\u0105 na sam szczyt<\/h5>\t\t\t\t<\/div>\n\t\t\t\t<\/div>\n\t\t\t\t<div class=\"elementor-element elementor-element-059c7e3 elementor-widget-divider--view-line elementor-widget elementor-widget-divider\" data-id=\"059c7e3\" data-element_type=\"widget\" data-widget_type=\"divider.default\">\n\t\t\t\t<div class=\"elementor-widget-container\">\n\t\t\t\t\t\t\t<div class=\"elementor-divider\">\n\t\t\t<span class=\"elementor-divider-separator\">\n\t\t\t\t\t\t<\/span>\n\t\t<\/div>\n\t\t\t\t\t\t<\/div>\n\t\t\t\t<\/div>\n\t\t\t\t<div class=\"elementor-element elementor-element-dfd416c elementor-widget__width-auto elementor-widget-tablet__width-inherit elementor-widget-mobile__width-auto elementor-widget elementor-widget-image-box\" data-id=\"dfd416c\" data-element_type=\"widget\" data-widget_type=\"image-box.default\">\n\t\t\t\t<div class=\"elementor-widget-container\">\n\t\t\t\t\t<div class=\"elementor-image-box-wrapper\"><div class=\"elementor-image-box-content\"><div class=\"elementor-image-box-title\">Trudno\u015b\u0107<\/div><p class=\"elementor-image-box-description\">2\/5<\/p><\/div><\/div>\t\t\t\t<\/div>\n\t\t\t\t<\/div>\n\t\t\t\t<div class=\"elementor-element elementor-element-fe14176 elementor-widget__width-auto elementor-widget-tablet__width-inherit elementor-widget-mobile__width-auto elementor-widget elementor-widget-image-box\" data-id=\"fe14176\" data-element_type=\"widget\" data-widget_type=\"image-box.default\">\n\t\t\t\t<div class=\"elementor-widget-container\">\n\t\t\t\t\t<div class=\"elementor-image-box-wrapper\"><div class=\"elementor-image-box-content\"><div class=\"elementor-image-box-title\">D\u0142ugo\u015b\u0107<\/div><p class=\"elementor-image-box-description\">6 km<\/p><\/div><\/div>\t\t\t\t<\/div>\n\t\t\t\t<\/div>\n\t\t\t\t<div class=\"elementor-element elementor-element-b9b2241 elementor-widget__width-auto elementor-widget-tablet__width-inherit elementor-widget-mobile__width-auto elementor-widget elementor-widget-image-box\" data-id=\"b9b2241\" data-element_type=\"widget\" data-widget_type=\"image-box.default\">\n\t\t\t\t<div class=\"elementor-widget-container\">\n\t\t\t\t\t<div class=\"elementor-image-box-wrapper\"><div class=\"elementor-image-box-content\"><div class=\"elementor-image-box-title\">Czas<\/div><p class=\"elementor-image-box-description\">45 min<\/p><\/div><\/div>\t\t\t\t<\/div>\n\t\t\t\t<\/div>\n\t\t\t\t<div class=\"elementor-element elementor-element-a8e4c95 elementor-align-justify elementor-widget elementor-widget-button\" data-id=\"a8e4c95\" data-element_type=\"widget\" data-widget_type=\"button.default\">\n\t\t\t\t<div class=\"elementor-widget-container\">\n\t\t\t\t\t\t\t\t\t<div class=\"elementor-button-wrapper\">\n\t\t\t\t\t<a class=\"elementor-button elementor-button-link elementor-size-sm\" href=\"https:\/\/kolopustyni.pl\/en\/trasy-hulajnogi\/hulajnoga-na-sam-szczyt\/\">\n\t\t\t\t\t\t<span class=\"elementor-button-content-wrapper\">\n\t\t\t\t\t\t\t\t\t<span class=\"elementor-button-text\">Sprawd\u017a<\/span>\n\t\t\t\t\t<\/span>\n\t\t\t\t\t<\/a>\n\t\t\t\t<\/div>\n\t\t\t\t\t\t\t\t<\/div>\n\t\t\t\t<\/div>\n\t\t\t\t\t<\/div>\n\t\t<\/div>\n\t\t\t\t\t<\/div>\n\t\t<\/section>\n\t\t\t\t\t<\/div>\n\t\t<\/div>\n\t\t\t\t\t<\/div>\n\t\t<\/section>\n\t\t\t\t<\/div>","protected":false},"excerpt":{"rendered":"<p>Trasy hulajnogi Hulajnogi Polecane trasy Nasza okolica to raj dla mi\u0142o\u015bnik\u00f3w przyrody i przygody. Hulajnog\u0105 w \u015awiat Trudno\u015b\u0107 2\/5 D\u0142ugo\u015b\u0107 16 km Czas 1,5h Sprawd\u017a Hulajnog\u0105 na sam szczyt Trudno\u015b\u0107 2\/5 D\u0142ugo\u015b\u0107 6 km Czas 45 min Sprawd\u017a<\/p>","protected":false},"author":1,"featured_media":0,"parent":0,"menu_order":0,"comment_status":"closed","ping_status":"closed","template":"elementor_header_footer","meta":{"footnotes":""},"class_list":["post-366","page","type-page","status-publish","hentry"],"yoast_head":"<!-- This site is optimized with the Yoast SEO plugin v25.3.1 - https:\/\/yoast.com\/wordpress\/plugins\/seo\/ -->\n<title>Trasy hulajnogi - Ko\u0142o Pustyni<\/title>\n<meta name=\"description\" content=\"Wypo\u017cyczalnia rower\u00f3w przy Pustyni B\u0142\u0119dowskiej.\" \/>\n<meta name=\"robots\" content=\"index, follow, max-snippet:-1, max-image-preview:large, max-video-preview:-1\" \/>\n<link rel=\"canonical\" href=\"https:\/\/kolopustyni.pl\/en\/trasy-hulajnogi\/\" \/>\n<meta property=\"og:locale\" content=\"en_GB\" \/>\n<meta property=\"og:type\" content=\"article\" \/>\n<meta property=\"og:title\" content=\"Trasy hulajnogi - Ko\u0142o Pustyni\" \/>\n<meta property=\"og:description\" content=\"Wypo\u017cyczalnia rower\u00f3w przy Pustyni B\u0142\u0119dowskiej.\" \/>\n<meta property=\"og:url\" content=\"https:\/\/kolopustyni.pl\/en\/trasy-hulajnogi\/\" \/>\n<meta property=\"og:site_name\" content=\"Ko\u0142o Pustyni\" \/>\n<meta property=\"article:publisher\" content=\"https:\/\/www.facebook.com\/KoloPustyni\/\" \/>\n<meta property=\"article:modified_time\" content=\"2025-06-23T12:35:47+00:00\" \/>\n<meta property=\"og:image\" content=\"https:\/\/kolopustyni.pl\/wp-content\/uploads\/2025\/06\/Mapka.jpg\" \/>\n\t<meta property=\"og:image:width\" content=\"700\" \/>\n\t<meta property=\"og:image:height\" content=\"447\" \/>\n\t<meta property=\"og:image:type\" content=\"image\/jpeg\" \/>\n<meta name=\"twitter:card\" content=\"summary_large_image\" \/>\n<script type=\"application\/ld+json\" class=\"yoast-schema-graph\">{\"@context\":\"https:\/\/schema.org\",\"@graph\":[{\"@type\":\"WebPage\",\"@id\":\"https:\/\/kolopustyni.pl\/trasy-hulajnogi\/\",\"url\":\"https:\/\/kolopustyni.pl\/trasy-hulajnogi\/\",\"name\":\"Trasy hulajnogi - Ko\u0142o Pustyni\",\"isPartOf\":{\"@id\":\"https:\/\/kolopustyni.pl\/#website\"},\"primaryImageOfPage\":{\"@id\":\"https:\/\/kolopustyni.pl\/trasy-hulajnogi\/#primaryimage\"},\"image\":{\"@id\":\"https:\/\/kolopustyni.pl\/trasy-hulajnogi\/#primaryimage\"},\"thumbnailUrl\":\"https:\/\/kolopustyni.pl\/wp-content\/uploads\/2025\/06\/Mapka.jpg\",\"datePublished\":\"2025-06-16T12:45:13+00:00\",\"dateModified\":\"2025-06-23T12:35:47+00:00\",\"description\":\"Wypo\u017cyczalnia rower\u00f3w przy Pustyni B\u0142\u0119dowskiej.\",\"breadcrumb\":{\"@id\":\"https:\/\/kolopustyni.pl\/trasy-hulajnogi\/#breadcrumb\"},\"inLanguage\":\"en-GB\",\"potentialAction\":[{\"@type\":\"ReadAction\",\"target\":[\"https:\/\/kolopustyni.pl\/trasy-hulajnogi\/\"]}]},{\"@type\":\"ImageObject\",\"inLanguage\":\"en-GB\",\"@id\":\"https:\/\/kolopustyni.pl\/trasy-hulajnogi\/#primaryimage\",\"url\":\"https:\/\/kolopustyni.pl\/wp-content\/uploads\/2025\/06\/Mapka.jpg\",\"contentUrl\":\"https:\/\/kolopustyni.pl\/wp-content\/uploads\/2025\/06\/Mapka.jpg\"},{\"@type\":\"BreadcrumbList\",\"@id\":\"https:\/\/kolopustyni.pl\/trasy-hulajnogi\/#breadcrumb\",\"itemListElement\":[{\"@type\":\"ListItem\",\"position\":1,\"name\":\"Strona g\u0142\u00f3wna\",\"item\":\"https:\/\/kolopustyni.pl\/\"},{\"@type\":\"ListItem\",\"position\":2,\"name\":\"Trasy hulajnogi\"}]},{\"@type\":\"WebSite\",\"@id\":\"https:\/\/kolopustyni.pl\/#website\",\"url\":\"https:\/\/kolopustyni.pl\/\",\"name\":\"Ko\u0142o Pustyni\",\"description\":\"\",\"publisher\":{\"@id\":\"https:\/\/kolopustyni.pl\/#organization\"},\"potentialAction\":[{\"@type\":\"SearchAction\",\"target\":{\"@type\":\"EntryPoint\",\"urlTemplate\":\"https:\/\/kolopustyni.pl\/?s={search_term_string}\"},\"query-input\":{\"@type\":\"PropertyValueSpecification\",\"valueRequired\":true,\"valueName\":\"search_term_string\"}}],\"inLanguage\":\"en-GB\"},{\"@type\":\"Organization\",\"@id\":\"https:\/\/kolopustyni.pl\/#organization\",\"name\":\"Ko\u0142o Pustyni\",\"url\":\"https:\/\/kolopustyni.pl\/\",\"logo\":{\"@type\":\"ImageObject\",\"inLanguage\":\"en-GB\",\"@id\":\"https:\/\/kolopustyni.pl\/#\/schema\/logo\/image\/\",\"url\":\"https:\/\/kolopustyni.pl\/wp-content\/uploads\/2025\/06\/kolo_pustyni_logo.png\",\"contentUrl\":\"https:\/\/kolopustyni.pl\/wp-content\/uploads\/2025\/06\/kolo_pustyni_logo.png\",\"width\":400,\"height\":400,\"caption\":\"Ko\u0142o Pustyni\"},\"image\":{\"@id\":\"https:\/\/kolopustyni.pl\/#\/schema\/logo\/image\/\"},\"sameAs\":[\"https:\/\/www.facebook.com\/KoloPustyni\/\",\"https:\/\/www.instagram.com\/kolo_pustyni\/\"]}]}<\/script>\n<!-- \/ Yoast SEO plugin. -->","yoast_head_json":{"title":"Trasy hulajnogi - Ko\u0142o Pustyni","description":"Wypo\u017cyczalnia rower\u00f3w przy Pustyni B\u0142\u0119dowskiej.","robots":{"index":"index","follow":"follow","max-snippet":"max-snippet:-1","max-image-preview":"max-image-preview:large","max-video-preview":"max-video-preview:-1"},"canonical":"https:\/\/kolopustyni.pl\/en\/trasy-hulajnogi\/","og_locale":"en_GB","og_type":"article","og_title":"Trasy hulajnogi - Ko\u0142o Pustyni","og_description":"Wypo\u017cyczalnia rower\u00f3w przy Pustyni B\u0142\u0119dowskiej.","og_url":"https:\/\/kolopustyni.pl\/en\/trasy-hulajnogi\/","og_site_name":"Ko\u0142o Pustyni","article_publisher":"https:\/\/www.facebook.com\/KoloPustyni\/","article_modified_time":"2025-06-23T12:35:47+00:00","og_image":[{"width":700,"height":447,"url":"https:\/\/kolopustyni.pl\/wp-content\/uploads\/2025\/06\/Mapka.jpg","type":"image\/jpeg"}],"twitter_card":"summary_large_image","schema":{"@context":"https:\/\/schema.org","@graph":[{"@type":"WebPage","@id":"https:\/\/kolopustyni.pl\/trasy-hulajnogi\/","url":"https:\/\/kolopustyni.pl\/trasy-hulajnogi\/","name":"Trasy hulajnogi - Ko\u0142o Pustyni","isPartOf":{"@id":"https:\/\/kolopustyni.pl\/#website"},"primaryImageOfPage":{"@id":"https:\/\/kolopustyni.pl\/trasy-hulajnogi\/#primaryimage"},"image":{"@id":"https:\/\/kolopustyni.pl\/trasy-hulajnogi\/#primaryimage"},"thumbnailUrl":"https:\/\/kolopustyni.pl\/wp-content\/uploads\/2025\/06\/Mapka.jpg","datePublished":"2025-06-16T12:45:13+00:00","dateModified":"2025-06-23T12:35:47+00:00","description":"Wypo\u017cyczalnia rower\u00f3w przy Pustyni B\u0142\u0119dowskiej.","breadcrumb":{"@id":"https:\/\/kolopustyni.pl\/trasy-hulajnogi\/#breadcrumb"},"inLanguage":"en-GB","potentialAction":[{"@type":"ReadAction","target":["https:\/\/kolopustyni.pl\/trasy-hulajnogi\/"]}]},{"@type":"ImageObject","inLanguage":"en-GB","@id":"https:\/\/kolopustyni.pl\/trasy-hulajnogi\/#primaryimage","url":"https:\/\/kolopustyni.pl\/wp-content\/uploads\/2025\/06\/Mapka.jpg","contentUrl":"https:\/\/kolopustyni.pl\/wp-content\/uploads\/2025\/06\/Mapka.jpg"},{"@type":"BreadcrumbList","@id":"https:\/\/kolopustyni.pl\/trasy-hulajnogi\/#breadcrumb","itemListElement":[{"@type":"ListItem","position":1,"name":"Strona g\u0142\u00f3wna","item":"https:\/\/kolopustyni.pl\/"},{"@type":"ListItem","position":2,"name":"Trasy hulajnogi"}]},{"@type":"WebSite","@id":"https:\/\/kolopustyni.pl\/#website","url":"https:\/\/kolopustyni.pl\/","name":"Ko\u0142o Pustyni","description":"","publisher":{"@id":"https:\/\/kolopustyni.pl\/#organization"},"potentialAction":[{"@type":"SearchAction","target":{"@type":"EntryPoint","urlTemplate":"https:\/\/kolopustyni.pl\/?s={search_term_string}"},"query-input":{"@type":"PropertyValueSpecification","valueRequired":true,"valueName":"search_term_string"}}],"inLanguage":"en-GB"},{"@type":"Organization","@id":"https:\/\/kolopustyni.pl\/#organization","name":"Ko\u0142o Pustyni","url":"https:\/\/kolopustyni.pl\/","logo":{"@type":"ImageObject","inLanguage":"en-GB","@id":"https:\/\/kolopustyni.pl\/#\/schema\/logo\/image\/","url":"https:\/\/kolopustyni.pl\/wp-content\/uploads\/2025\/06\/kolo_pustyni_logo.png","contentUrl":"https:\/\/kolopustyni.pl\/wp-content\/uploads\/2025\/06\/kolo_pustyni_logo.png","width":400,"height":400,"caption":"Ko\u0142o Pustyni"},"image":{"@id":"https:\/\/kolopustyni.pl\/#\/schema\/logo\/image\/"},"sameAs":["https:\/\/www.facebook.com\/KoloPustyni\/","https:\/\/www.instagram.com\/kolo_pustyni\/"]}]}},"_links":{"self":[{"href":"https:\/\/kolopustyni.pl\/en\/wp-json\/wp\/v2\/pages\/366","targetHints":{"allow":["GET"]}}],"collection":[{"href":"https:\/\/kolopustyni.pl\/en\/wp-json\/wp\/v2\/pages"}],"about":[{"href":"https:\/\/kolopustyni.pl\/en\/wp-json\/wp\/v2\/types\/page"}],"author":[{"embeddable":true,"href":"https:\/\/kolopustyni.pl\/en\/wp-json\/wp\/v2\/users\/1"}],"replies":[{"embeddable":true,"href":"https:\/\/kolopustyni.pl\/en\/wp-json\/wp\/v2\/comments?post=366"}],"version-history":[{"count":16,"href":"https:\/\/kolopustyni.pl\/en\/wp-json\/wp\/v2\/pages\/366\/revisions"}],"predecessor-version":[{"id":645,"href":"https:\/\/kolopustyni.pl\/en\/wp-json\/wp\/v2\/pages\/366\/revisions\/645"}],"wp:attachment":[{"href":"https:\/\/kolopustyni.pl\/en\/wp-json\/wp\/v2\/media?parent=366"}],"curies":[{"name":"wp","href":"https:\/\/api.w.org\/{rel}","templated":true}]}}