{"id":684,"date":"2025-06-23T18:30:30","date_gmt":"2025-06-23T16:30:30","guid":{"rendered":"https:\/\/kolopustyni.pl\/?page_id=684"},"modified":"2025-06-26T16:44:00","modified_gmt":"2025-06-26T14:44:00","slug":"regulamin-wypozyczalni","status":"publish","type":"page","link":"https:\/\/kolopustyni.pl\/en\/regulamin-wypozyczalni\/","title":{"rendered":"Regulamin wypo\u017cyczalni"},"content":{"rendered":"<div data-elementor-type=\"wp-page\" data-elementor-id=\"684\" class=\"elementor elementor-684\" data-elementor-post-type=\"page\">\n\t\t\t\t\t\t<section class=\"elementor-section elementor-top-section elementor-element elementor-element-549f76d2 elementor-section-boxed elementor-section-height-default elementor-section-height-default\" data-id=\"549f76d2\" data-element_type=\"section\" data-settings=\"{&quot;background_background&quot;:&quot;classic&quot;}\">\n\t\t\t\t\t\t\t<div class=\"elementor-background-overlay\"><\/div>\n\t\t\t\t\t\t\t<div class=\"elementor-container elementor-column-gap-default\">\n\t\t\t\t\t<div class=\"elementor-column elementor-col-100 elementor-top-column elementor-element elementor-element-1474766\" data-id=\"1474766\" data-element_type=\"column\">\n\t\t\t<div class=\"elementor-widget-wrap elementor-element-populated\">\n\t\t\t\t\t\t<div class=\"elementor-element elementor-element-3ac062ee elementor-invisible elementor-widget elementor-widget-heading\" data-id=\"3ac062ee\" data-element_type=\"widget\" data-settings=\"{&quot;_animation&quot;:&quot;fadeInDown&quot;,&quot;_animation_delay&quot;:&quot;100&quot;}\" data-widget_type=\"heading.default\">\n\t\t\t\t<div class=\"elementor-widget-container\">\n\t\t\t\t\t<h1 class=\"elementor-heading-title elementor-size-default\">Zasady rezerwacji rower\u00f3w<\/h1>\t\t\t\t<\/div>\n\t\t\t\t<\/div>\n\t\t\t\t\t<\/div>\n\t\t<\/div>\n\t\t\t\t\t<\/div>\n\t\t<\/section>\n\t\t\t\t<section class=\"elementor-section elementor-top-section elementor-element elementor-element-6d65af70 elementor-reverse-mobile elementor-section-boxed elementor-section-height-default elementor-section-height-default\" data-id=\"6d65af70\" data-element_type=\"section\" data-settings=\"{&quot;background_background&quot;:&quot;classic&quot;}\">\n\t\t\t\t\t\t<div class=\"elementor-container elementor-column-gap-default\">\n\t\t\t\t\t<div class=\"elementor-column elementor-col-100 elementor-top-column elementor-element elementor-element-4b809dbb\" data-id=\"4b809dbb\" data-element_type=\"column\">\n\t\t\t<div class=\"elementor-widget-wrap elementor-element-populated\">\n\t\t\t\t\t\t<div class=\"elementor-element elementor-element-31305829 elementor-widget elementor-widget-text-editor\" data-id=\"31305829\" data-element_type=\"widget\" data-widget_type=\"text-editor.default\">\n\t\t\t\t<div class=\"elementor-widget-container\">\n\t\t\t\t\t\t\t\t\t<div class=\"post_content entry-content\"><div class=\"elementor elementor-79\" data-elementor-type=\"wp-page\" data-elementor-id=\"79\" data-elementor-post-type=\"revision\"><section class=\"elementor-section elementor-top-section elementor-element elementor-element-2b1184b0 elementor-section-boxed elementor-section-height-default elementor-section-height-default sc_fly_static trx_addons_parallax_layers_inited trx_addons_parallax_blocks_inited\" data-id=\"2b1184b0\" data-element_type=\"section\" data-settings=\"{&quot;background_background&quot;:&quot;classic&quot;}\"><div class=\"elementor-container elementor-column-gap-extended\"><div class=\"elementor-column elementor-col-100 elementor-top-column elementor-element elementor-element-153e1c19 sc_content_align_inherit sc_layouts_column_icons_position_left sc_fly_static trx_addons_parallax_layers_inited trx_addons_parallax_blocks_inited\" data-id=\"153e1c19\" data-element_type=\"column\"><div class=\"elementor-widget-wrap elementor-element-populated\"><div class=\"elementor-element elementor-element-54db29de sc_fly_static elementor-widget elementor-widget-text-editor trx_addons_parallax_layers_inited trx_addons_parallax_blocks_inited\" data-id=\"54db29de\" data-element_type=\"widget\" data-widget_type=\"text-editor.default\"><div class=\"elementor-widget-container\">Aby zapewni\u0107 Pa\u0144stwu sprawn\u0105 obs\u0142ug\u0119 i pe\u0142n\u0105 dost\u0119pno\u015b\u0107 sprz\u0119tu, prosimy o zapoznanie si\u0119 z poni\u017cszymi zasadami rezerwacji:<\/div><h2 class=\"elementor-widget-container\">Rezerwacja rower\u00f3w<\/h2><ol><li class=\"elementor-widget-container\"><strong>Rezerwacji mo\u017cna dokona\u0107:<\/strong><br \/>&#8211; telefonicznie<br \/>&#8211; mailowo<br \/>&#8211; poprzez formularz rezerwacyjny dost\u0119pny na stronie<p>Zalecamy rezerwacj\u0119 z minimum 1\u20132 dniowym wyprzedzeniem, szczeg\u00f3lnie w weekendy<\/p><\/li><\/ol><h2 class=\"elementor-widget-container\">Informacje potrzebne do rezerwacji<\/h2><ol><li class=\"elementor-widget-container\"><strong>Prosimy o podanie:<\/strong><br \/>&#8211; daty i godziny wypo\u017cyczenia<br \/>&#8211; liczby rower\u00f3w oraz wzrost os\u00f3b wypo\u017cyczaj\u0105cych rowery<br \/>&#8211; danych kontaktowych osoby rezerwuj\u0105cej<br \/>informacji o dodatkowym sprz\u0119cie (np. kaski, foteliki dzieci\u0119ce)<\/li><li class=\"elementor-widget-container\"><strong>Potwierdzenie rezerwacji<\/strong><br \/>&#8211; Ka\u017cda rezerwacja zostanie potwierdzona przez nas telefonicznie lub mailowo.<br \/>&#8211; Brak potwierdzenia oznacza, \u017ce rezerwacja nie zosta\u0142a przyj\u0119ta.<\/li><li class=\"elementor-widget-container\"><strong>P\u0142atno\u015b\u0107<\/strong><br \/>&#8211; P\u0142atno\u015bci mo\u017cna dokona\u0107 got\u00f3wk\u0105 lub kart\u0105 na miejscu.<br \/>&#8211; W przypadku wi\u0119kszych grup lub firm \u2013 mo\u017cliwa wcze\u015bniejsza p\u0142atno\u015b\u0107 przelewem (po uzgodnieniu).<br \/>&#8211; W niekt\u00f3rych przypadkach mo\u017cemy poprosi\u0107 o zadatek (dotyczy g\u0142\u00f3wnie rezerwacji grupowych).<\/li><li class=\"elementor-widget-container\"><strong>Anulowanie rezerwacji<\/strong><br \/>&#8211; Rezygnacj\u0119 z rezerwacji prosimy zg\u0142asza\u0107 najp\u00f3\u017aniej 24 godziny przed planowanym wypo\u017cyczeniem.<br \/>&#8211; W przypadku grup zorganizowanych: rezygnacja poni\u017cej 48 godzin mo\u017ce wi\u0105za\u0107 si\u0119 z utrat\u0105 zadatku.<\/li><li class=\"elementor-widget-container\"><strong>Odbi\u00f3r i zwrot rower\u00f3w<\/strong><br \/>&#8211; Prosimy o punktualne przybycie na miejsce wypo\u017cyczenia.<br \/>&#8211; Ka\u017cdy klient zobowi\u0105zany jest do podpisania umowy wypo\u017cyczenia oraz okazania dokumentu to\u017csamo\u015bci.<br \/>&#8211; Rowery nale\u017cy zwr\u00f3ci\u0107 w ustalonym terminie. Za przekroczenie czasu naliczana jest dodatkowa op\u0142ata.<\/li><\/ol><\/div><\/div><\/div><\/div><\/section><\/div><\/div>\t\t\t\t\t\t\t\t<\/div>\n\t\t\t\t<\/div>\n\t\t\t\t<div class=\"elementor-element elementor-element-90a0474 elementor-widget elementor-widget-text-editor\" data-id=\"90a0474\" data-element_type=\"widget\" data-widget_type=\"text-editor.default\">\n\t\t\t\t<div class=\"elementor-widget-container\">\n\t\t\t\t\t\t\t\t\t<div class=\"post_content entry-content\"><div class=\"elementor elementor-79\" data-elementor-type=\"wp-page\" data-elementor-id=\"79\" data-elementor-post-type=\"revision\"><section class=\"elementor-section elementor-top-section elementor-element elementor-element-2b1184b0 elementor-section-boxed elementor-section-height-default elementor-section-height-default sc_fly_static trx_addons_parallax_layers_inited trx_addons_parallax_blocks_inited\" data-id=\"2b1184b0\" data-element_type=\"section\" data-settings=\"{&quot;background_background&quot;:&quot;classic&quot;}\"><div class=\"elementor-container elementor-column-gap-extended\"><div class=\"elementor-column elementor-col-100 elementor-top-column elementor-element elementor-element-153e1c19 sc_content_align_inherit sc_layouts_column_icons_position_left sc_fly_static trx_addons_parallax_layers_inited trx_addons_parallax_blocks_inited\" data-id=\"153e1c19\" data-element_type=\"column\"><div class=\"elementor-widget-wrap elementor-element-populated\"><div class=\"elementor-element elementor-element-54db29de sc_fly_static elementor-widget elementor-widget-text-editor trx_addons_parallax_layers_inited trx_addons_parallax_blocks_inited\" data-id=\"54db29de\" data-element_type=\"widget\" data-widget_type=\"text-editor.default\"><h2 class=\"elementor-widget-container\">Regulamin korzystania z wypo\u017cyczalni rower\u00f3w<\/h2><ol><li>Wypo\u017cyczane rowery s\u0105 w\u0142asno\u015bci\u0105 Ko\u0142o Pustyni Sp\u00f3\u0142ka z o.o.<\/li><li>Wypo\u017cyczalnia zlokalizowana jest w Kluczach, ul. Boles\u0142awka (R\u00f3\u017ca Wiatr\u00f3w), jest czynna codziennie od godziny 10:00 \u2013 18:00. Zwrot rower\u00f3w najp\u00f3\u017aniej do godziny 20:00.\u2028<\/li><li>Wypo\u017cyczony rower jest sprawny technicznie i w takim samym stanie powinien zosta\u0107 zwr\u00f3cony wypo\u017cyczalni.\u2028<\/li><li>Rower nale\u017cy zwr\u00f3ci\u0107 w terminie deklarowanym. Zwrot roweru po terminie op\u0142aconym powoduj\u0119 pobranie op\u0142aty zgodnie z cennikiem wypo\u017cyczalni zawartym w umowie. O przed\u0142u\u017ceniu terminu zwrotu nale\u017cy poinformowa\u0107 pracownika wypo\u017cyczalni pod numerem telefonu: 507948772. Je\u017celi po 24 godzinach od deklarowanego terminu zwrotu, wypo\u017cyczaj\u0105cy nie zwr\u00f3ci sprz\u0119tu ani nie powiadomi o przewidywanym terminie zwrotu, b\u0119dzie to potraktowane jako kradzie\u017c i zostanie zg\u0142oszone Policji.\u2028<\/li><li>Rowery i akcesoria nale\u017cy odpowiednio wcze\u015bniej zarezerwowa\u0107 on-line lub telefonicznie (co najmniej na dzie\u0144 przed realizacj\u0105) w przypadku rezerwacji dobowej lub dowozu do Klienta.\u2028<\/li><li>Op\u0142at\u0119 za dow\u00f3z do Klienta w obr\u0119bie do 60 km (w jedn\u0105 stron\u0119) pobiera si\u0119 wg cennika.\u2028<\/li><li>Wypo\u017cyczenie oraz zwrot roweru odbywa si\u0119 w miejscu oznaczonym w umowie lub w miejscu wskazanym przez Klienta w przypadku dowozu sprz\u0119tu.\u2028<\/li><li>Cennik stanowi integraln\u0105 cze\u015b\u0107 niniejszego regulaminu.\u2028<\/li><li>Aby wypo\u017cyczy\u0107 rower nale\u017cy:\u2028<br \/>\u2022 przedstawi\u0107 dow\u00f3d osobisty lub dwa inne dokumenty ze zdj\u0119ciem (prawo jazdy lub paszport)\u2028<br \/>\u2022 by\u0107 osob\u0105 pe\u0142noletni\u0105 i trze\u017aw\u0105\u2028\u2022 podpisa\u0107 umow\u0119 wypo\u017cyczenia roweru oznaczaj\u0105c\u0105 akceptacj\u0119 zasad oraz regulamin wypo\u017cyczalni\u2028<br \/>\u2022 wp\u0142aci\u0107 kaucje za rower wg cennika\u2028<br \/>\u2022 wnie\u015b\u0107 op\u0142at\u0119 za wypo\u017cyczenie roweru wg cennika<\/li><li>Warunki Zwrotu Kaucji:\u2028<br \/>\u2013 Zwrot kaucji nast\u0119puje po zweryfikowaniu stanu sprz\u0119tu przez pracownik\u00f3w wypo\u017cyczalni.\u2028<br \/>\u2013 W przypadku, gdy sprz\u0119t zostanie zwr\u00f3cony w takim samym stanie, jak zosta\u0142 odebrany, kaucja zostaje w ca\u0142o\u015bci zwr\u00f3cona w terminie do 7 dni roboczych od daty zwrotu.\u2028<\/li><li>Pracownik wypo\u017cyczalni ma prawo odm\u00f3wi\u0107 wypo\u017cyczenia roweru bez podania przyczyny.<\/li><li>W przypadku pozostawienia roweru poza wypo\u017cyczalni\u0105, nale\u017cy go zabezpieczy\u0107 przed kradzie\u017c\u0105.<\/li><li>Osoba wypo\u017cyczaj\u0105ca rower ponosi pe\u0142n\u0105 odpowiedzialno\u015b\u0107 za powsta\u0142e szkody od momentu wypo\u017cyczenia roweru do czasu jego zwrotu. W przypadku uszkodzenia roweru jest zobowi\u0105zana pokry\u0107 koszt naprawy.<\/li><li>W przypadku utraty wypo\u017cyczonego roweru lub jego wyposa\u017cenia na skutek kradzie\u017cy lub zgubienia wypo\u017cyczaj\u0105cy jest zobowi\u0105zany do zwrotu r\u00f3wnowarto\u015bci koszt\u00f3w odpowiadaj\u0105cych warto\u015bci roweru lub jego wyposa\u017cenia + koszty wypo\u017cyczenia okre\u015blone w cenniku oraz powinien niezw\u0142ocznie powiadomi\u0107 Policj\u0119 a za\u015bwiadczenie o zg\u0142oszeniu kradzie\u017cy przedstawi\u0107 w Wypo\u017cyczalni.\u2028<\/li><li>W przypadku wypo\u017cyczenia rower\u00f3w i akcesori\u00f3w przez grup\u0119 zorganizowan\u0105 konieczne jest wcze\u015bniejsze uzgodnienie terminu oraz ilo\u015bci i rodzaju rower\u00f3w z pracownikiem wypo\u017cyczalni.<\/li><li>Wypo\u017cyczaj\u0105cy zrzeka si\u0119 wszelkich roszcze\u0144 wobec Wypo\u017cyczalni Rower\u00f3w Ko\u0142o Pustyni z tytu\u0142u wypadk\u00f3w, poniesionych szk\u00f3d lub obra\u017ce\u0144 powsta\u0142ych w czasie korzystania z wypo\u017cyczonego sprz\u0119tu.\u2028<\/li><li>Wypo\u017cyczalnia nie ponosi \u017cadnej odpowiedzialno\u015bci za wypadki i szkody powsta\u0142e w czasie u\u017cytkowania roweru i akcesori\u00f3w z winy Wypo\u017cyczaj\u0105cego.\u2028<\/li><li>Je\u017celi pracownik wypo\u017cyczalni uzna Klienta za niewiarygodnego, mo\u017ce odm\u00f3wi\u0107 wypo\u017cyczenia roweru bez podania przyczyny.<\/li><li>Wypo\u017cyczaj\u0105cy zgadza si\u0119 pokry\u0107 wszystkie szkody i kary zwi\u0105zane z u\u017cytkowaniem roweru wynikaj\u0105ce z nieprzestrzegania przepis\u00f3w prawa obowi\u0105zuj\u0105cych w Polsce, w tym wynikaj\u0105cych z przepis\u00f3w Kodeksu Ruchu Drogowego.\u2028<\/li><li>Wypo\u017cyczaj\u0105cy b\u0119d\u0105c uczestnikiem ruchu drogowego jest obowi\u0105zany przestrzega\u0107 zasad poruszania si\u0119 po drogach i czyni to tylko i wy\u0142\u0105cznie na w\u0142asna odpowiedzialno\u015b\u0107.<\/li><li>Wypo\u017cyczaj\u0105cy zobowi\u0105zuje si\u0119 do przestrzegania warunk\u00f3w Regulaminu. Regulamin obowi\u0105zuje od dnia 01.05.2025r.\u2028<\/li><li>Wypo\u017cyczaj\u0105cy zobowi\u0105zuje si\u0119 do:\u2028<br \/>\u2013 Korzystania z roweru i akcesori\u00f3w zgodnie z przeznaczeniem;\u2028<br \/>\u2013 Przestrzegania zakazu u\u017cyczania roweru i akcesori\u00f3w osobom trzecim;\u2028<br \/>\u2013 Niezw\u0142ocznego zg\u0142oszenia pracownikowi wypo\u017cyczalni o problemach z korzystaniem ze sprz\u0119tu i odstawienia sprz\u0119tu do wypo\u017cyczalni w razie stwierdzenia jakiejkolwiek usterki;\u2028<br \/>\u2013 Zaniechania samodzielnego dokonywania napraw, modyfikacji, wymiany cz\u0119\u015bci;\u2028<br \/>\u2013 Pokrycia koszt\u00f3w naprawy uszkodzonego roweru lub jego wyposa\u017cenia, oraz akcesori\u00f3w, wynik\u0142ych z winy wypo\u017cyczaj\u0105cego;\u2028<br \/>\u2013 Pokrycia koszt\u00f3w nowego roweru i akcesori\u00f3w w przypadku zniszczenia wypo\u017cyczonego sprz\u0119tu;\u2028<br \/>\u2013 Wyra\u017cenia zgody na przetwarzanie danych osobowych przez wypo\u017cyczalnie Ko\u0142o Pustyni Sp\u00f3\u0142ka z o.o. zgodnie z w\u0142a\u015bciwymi przepisami, w tym w szczeg\u00f3lno\u015bci z RODO, i przewidzianymi w nich zasadami przetwarzania danych.\u2028<\/li><li>Wypo\u017cyczalnia rower\u00f3w Ko\u0142o Pustyni Sp\u00f3\u0142ka z o.o. jako administrator zapewnia przejrzysto\u015b\u0107 przetwarzania danych, w szczeg\u00f3lno\u015bci zawsze informuje o przetwarzaniu danych w momencie ich zbierania, w tym o celu i podstawie prawnej przetwarzania \u2013 np. przy zawieraniu umowy sprzeda\u017cy towar\u00f3w lub us\u0142ug. Administrator dba o to, by dane by\u0142y zbierane tylko w zakresie niezb\u0119dnym do wskazanego celu i przetwarzane tylko przez okres, w jakim jest to niezb\u0119dne.\u2028<\/li><li>WYPO\u017bYCZAJ\u0104CY jest zobowi\u0105zany do zachowania nale\u017cytej staranno\u015bci podczas korzystania z wypo\u017cyczonego sprz\u0119tu. Wypo\u017cyczalnia nie ponosi odpowiedzialno\u015bci za uszkodzenia, usterki czy awarie spowodowane niew\u0142a\u015bciwym u\u017cytkowaniem, w tym z\u0142apanie gumy, uszkodzenia mechaniczne oraz inne szkody wynik\u0142e z dzia\u0142ania lub zaniedbania WYPO\u017bYCZAJ\u0104CEGO.<\/li><li>W razie stwierdzenia usterki sprz\u0119tu, WYPO\u017bYCZAJ\u0104CY powinien niezw\u0142ocznie powiadomi\u0107 WYPO\u017bYCZALNI\u0118 o zaistnia\u0142ej sytuacji.<\/li><\/ol><p>Dzi\u0119kujemy za przestrzeganie wy\u017cej wymienionych zalece\u0144. Mamy nadziej\u0119, \u017ce b\u0119dziecie Pa\u0144stwo zadowoleni. \u017byczymy mi\u0142ego wypoczynku i zapraszamy do ponownego odwiedzenia.<\/p><p>Pozdrawiamy!<br \/>Ko\u0142o Pustyni<\/p><\/div><\/div><\/div><\/div><\/section><\/div><\/div>\t\t\t\t\t\t\t\t<\/div>\n\t\t\t\t<\/div>\n\t\t\t\t\t<\/div>\n\t\t<\/div>\n\t\t\t\t\t<\/div>\n\t\t<\/section>\n\t\t\t\t<\/div>","protected":false},"excerpt":{"rendered":"<p>Zasady rezerwacji rower\u00f3w Aby zapewni\u0107 Pa\u0144stwu sprawn\u0105 obs\u0142ug\u0119 i pe\u0142n\u0105 dost\u0119pno\u015b\u0107 sprz\u0119tu, prosimy o zapoznanie si\u0119 z poni\u017cszymi zasadami rezerwacji: Rezerwacja rower\u00f3w Rezerwacji mo\u017cna dokona\u0107:&#8211; telefonicznie&#8211; mailowo&#8211; poprzez formularz rezerwacyjny dost\u0119pny na stronie Zalecamy rezerwacj\u0119 z minimum 1\u20132 dniowym wyprzedzeniem, szczeg\u00f3lnie w weekendy Informacje potrzebne do rezerwacji Prosimy o podanie:&#8211; daty i godziny wypo\u017cyczenia&#8211; liczby [&hellip;]<\/p>","protected":false},"author":1,"featured_media":0,"parent":0,"menu_order":0,"comment_status":"closed","ping_status":"closed","template":"elementor_header_footer","meta":{"footnotes":""},"class_list":["post-684","page","type-page","status-publish","hentry"],"yoast_head":"<!-- This site is optimized with the Yoast SEO plugin v25.3.1 - https:\/\/yoast.com\/wordpress\/plugins\/seo\/ -->\n<title>Regulamin wypo\u017cyczalni - Ko\u0142o Pustyni<\/title>\n<meta name=\"description\" content=\"Wypo\u017cyczalnia rower\u00f3w przy Pustyni B\u0142\u0119dowskiej.\" \/>\n<meta name=\"robots\" content=\"index, follow, max-snippet:-1, max-image-preview:large, max-video-preview:-1\" \/>\n<link rel=\"canonical\" href=\"https:\/\/kolopustyni.pl\/en\/regulamin-wypozyczalni\/\" \/>\n<meta property=\"og:locale\" content=\"en_GB\" \/>\n<meta property=\"og:type\" content=\"article\" \/>\n<meta property=\"og:title\" content=\"Regulamin wypo\u017cyczalni - Ko\u0142o Pustyni\" \/>\n<meta property=\"og:description\" content=\"Wypo\u017cyczalnia rower\u00f3w przy Pustyni B\u0142\u0119dowskiej.\" \/>\n<meta property=\"og:url\" content=\"https:\/\/kolopustyni.pl\/en\/regulamin-wypozyczalni\/\" \/>\n<meta property=\"og:site_name\" content=\"Ko\u0142o Pustyni\" \/>\n<meta property=\"article:publisher\" content=\"https:\/\/www.facebook.com\/KoloPustyni\/\" \/>\n<meta property=\"article:modified_time\" content=\"2025-06-26T14:44:00+00:00\" \/>\n<meta property=\"og:image\" content=\"https:\/\/kolopustyni.pl\/wp-content\/uploads\/2025\/06\/FB-share-image.jpg\" \/>\n\t<meta property=\"og:image:width\" content=\"1200\" \/>\n\t<meta property=\"og:image:height\" content=\"675\" \/>\n\t<meta property=\"og:image:type\" content=\"image\/jpeg\" \/>\n<meta name=\"twitter:card\" content=\"summary_large_image\" \/>\n<meta name=\"twitter:label1\" content=\"Estimated reading time\" \/>\n\t<meta name=\"twitter:data1\" content=\"7 minutes\" \/>\n<script type=\"application\/ld+json\" class=\"yoast-schema-graph\">{\"@context\":\"https:\/\/schema.org\",\"@graph\":[{\"@type\":\"WebPage\",\"@id\":\"https:\/\/kolopustyni.pl\/regulamin-wypozyczalni\/\",\"url\":\"https:\/\/kolopustyni.pl\/regulamin-wypozyczalni\/\",\"name\":\"Regulamin wypo\u017cyczalni - Ko\u0142o Pustyni\",\"isPartOf\":{\"@id\":\"https:\/\/kolopustyni.pl\/#website\"},\"datePublished\":\"2025-06-23T16:30:30+00:00\",\"dateModified\":\"2025-06-26T14:44:00+00:00\",\"description\":\"Wypo\u017cyczalnia rower\u00f3w przy Pustyni B\u0142\u0119dowskiej.\",\"breadcrumb\":{\"@id\":\"https:\/\/kolopustyni.pl\/regulamin-wypozyczalni\/#breadcrumb\"},\"inLanguage\":\"en-GB\",\"potentialAction\":[{\"@type\":\"ReadAction\",\"target\":[\"https:\/\/kolopustyni.pl\/regulamin-wypozyczalni\/\"]}]},{\"@type\":\"BreadcrumbList\",\"@id\":\"https:\/\/kolopustyni.pl\/regulamin-wypozyczalni\/#breadcrumb\",\"itemListElement\":[{\"@type\":\"ListItem\",\"position\":1,\"name\":\"Strona g\u0142\u00f3wna\",\"item\":\"https:\/\/kolopustyni.pl\/\"},{\"@type\":\"ListItem\",\"position\":2,\"name\":\"Regulamin wypo\u017cyczalni\"}]},{\"@type\":\"WebSite\",\"@id\":\"https:\/\/kolopustyni.pl\/#website\",\"url\":\"https:\/\/kolopustyni.pl\/\",\"name\":\"Ko\u0142o Pustyni\",\"description\":\"\",\"publisher\":{\"@id\":\"https:\/\/kolopustyni.pl\/#organization\"},\"potentialAction\":[{\"@type\":\"SearchAction\",\"target\":{\"@type\":\"EntryPoint\",\"urlTemplate\":\"https:\/\/kolopustyni.pl\/?s={search_term_string}\"},\"query-input\":{\"@type\":\"PropertyValueSpecification\",\"valueRequired\":true,\"valueName\":\"search_term_string\"}}],\"inLanguage\":\"en-GB\"},{\"@type\":\"Organization\",\"@id\":\"https:\/\/kolopustyni.pl\/#organization\",\"name\":\"Ko\u0142o Pustyni\",\"url\":\"https:\/\/kolopustyni.pl\/\",\"logo\":{\"@type\":\"ImageObject\",\"inLanguage\":\"en-GB\",\"@id\":\"https:\/\/kolopustyni.pl\/#\/schema\/logo\/image\/\",\"url\":\"https:\/\/kolopustyni.pl\/wp-content\/uploads\/2025\/06\/kolo_pustyni_logo.png\",\"contentUrl\":\"https:\/\/kolopustyni.pl\/wp-content\/uploads\/2025\/06\/kolo_pustyni_logo.png\",\"width\":400,\"height\":400,\"caption\":\"Ko\u0142o Pustyni\"},\"image\":{\"@id\":\"https:\/\/kolopustyni.pl\/#\/schema\/logo\/image\/\"},\"sameAs\":[\"https:\/\/www.facebook.com\/KoloPustyni\/\",\"https:\/\/www.instagram.com\/kolo_pustyni\/\"]}]}<\/script>\n<!-- \/ Yoast SEO plugin. -->","yoast_head_json":{"title":"Regulamin wypo\u017cyczalni - Ko\u0142o Pustyni","description":"Wypo\u017cyczalnia rower\u00f3w przy Pustyni B\u0142\u0119dowskiej.","robots":{"index":"index","follow":"follow","max-snippet":"max-snippet:-1","max-image-preview":"max-image-preview:large","max-video-preview":"max-video-preview:-1"},"canonical":"https:\/\/kolopustyni.pl\/en\/regulamin-wypozyczalni\/","og_locale":"en_GB","og_type":"article","og_title":"Regulamin wypo\u017cyczalni - Ko\u0142o Pustyni","og_description":"Wypo\u017cyczalnia rower\u00f3w przy Pustyni B\u0142\u0119dowskiej.","og_url":"https:\/\/kolopustyni.pl\/en\/regulamin-wypozyczalni\/","og_site_name":"Ko\u0142o Pustyni","article_publisher":"https:\/\/www.facebook.com\/KoloPustyni\/","article_modified_time":"2025-06-26T14:44:00+00:00","og_image":[{"width":1200,"height":675,"url":"https:\/\/kolopustyni.pl\/wp-content\/uploads\/2025\/06\/FB-share-image.jpg","type":"image\/jpeg"}],"twitter_card":"summary_large_image","twitter_misc":{"Estimated reading time":"7 minutes"},"schema":{"@context":"https:\/\/schema.org","@graph":[{"@type":"WebPage","@id":"https:\/\/kolopustyni.pl\/regulamin-wypozyczalni\/","url":"https:\/\/kolopustyni.pl\/regulamin-wypozyczalni\/","name":"Regulamin wypo\u017cyczalni - Ko\u0142o Pustyni","isPartOf":{"@id":"https:\/\/kolopustyni.pl\/#website"},"datePublished":"2025-06-23T16:30:30+00:00","dateModified":"2025-06-26T14:44:00+00:00","description":"Wypo\u017cyczalnia rower\u00f3w przy Pustyni B\u0142\u0119dowskiej.","breadcrumb":{"@id":"https:\/\/kolopustyni.pl\/regulamin-wypozyczalni\/#breadcrumb"},"inLanguage":"en-GB","potentialAction":[{"@type":"ReadAction","target":["https:\/\/kolopustyni.pl\/regulamin-wypozyczalni\/"]}]},{"@type":"BreadcrumbList","@id":"https:\/\/kolopustyni.pl\/regulamin-wypozyczalni\/#breadcrumb","itemListElement":[{"@type":"ListItem","position":1,"name":"Strona g\u0142\u00f3wna","item":"https:\/\/kolopustyni.pl\/"},{"@type":"ListItem","position":2,"name":"Regulamin wypo\u017cyczalni"}]},{"@type":"WebSite","@id":"https:\/\/kolopustyni.pl\/#website","url":"https:\/\/kolopustyni.pl\/","name":"Ko\u0142o Pustyni","description":"","publisher":{"@id":"https:\/\/kolopustyni.pl\/#organization"},"potentialAction":[{"@type":"SearchAction","target":{"@type":"EntryPoint","urlTemplate":"https:\/\/kolopustyni.pl\/?s={search_term_string}"},"query-input":{"@type":"PropertyValueSpecification","valueRequired":true,"valueName":"search_term_string"}}],"inLanguage":"en-GB"},{"@type":"Organization","@id":"https:\/\/kolopustyni.pl\/#organization","name":"Ko\u0142o Pustyni","url":"https:\/\/kolopustyni.pl\/","logo":{"@type":"ImageObject","inLanguage":"en-GB","@id":"https:\/\/kolopustyni.pl\/#\/schema\/logo\/image\/","url":"https:\/\/kolopustyni.pl\/wp-content\/uploads\/2025\/06\/kolo_pustyni_logo.png","contentUrl":"https:\/\/kolopustyni.pl\/wp-content\/uploads\/2025\/06\/kolo_pustyni_logo.png","width":400,"height":400,"caption":"Ko\u0142o Pustyni"},"image":{"@id":"https:\/\/kolopustyni.pl\/#\/schema\/logo\/image\/"},"sameAs":["https:\/\/www.facebook.com\/KoloPustyni\/","https:\/\/www.instagram.com\/kolo_pustyni\/"]}]}},"_links":{"self":[{"href":"https:\/\/kolopustyni.pl\/en\/wp-json\/wp\/v2\/pages\/684","targetHints":{"allow":["GET"]}}],"collection":[{"href":"https:\/\/kolopustyni.pl\/en\/wp-json\/wp\/v2\/pages"}],"about":[{"href":"https:\/\/kolopustyni.pl\/en\/wp-json\/wp\/v2\/types\/page"}],"author":[{"embeddable":true,"href":"https:\/\/kolopustyni.pl\/en\/wp-json\/wp\/v2\/users\/1"}],"replies":[{"embeddable":true,"href":"https:\/\/kolopustyni.pl\/en\/wp-json\/wp\/v2\/comments?post=684"}],"version-history":[{"count":10,"href":"https:\/\/kolopustyni.pl\/en\/wp-json\/wp\/v2\/pages\/684\/revisions"}],"predecessor-version":[{"id":863,"href":"https:\/\/kolopustyni.pl\/en\/wp-json\/wp\/v2\/pages\/684\/revisions\/863"}],"wp:attachment":[{"href":"https:\/\/kolopustyni.pl\/en\/wp-json\/wp\/v2\/media?parent=684"}],"curies":[{"name":"wp","href":"https:\/\/api.w.org\/{rel}","templated":true}]}}